{"id":424,"date":"2022-07-25T20:30:30","date_gmt":"2022-07-25T20:30:30","guid":{"rendered":"https:\/\/intsode.com\/?page_id=424"},"modified":"2022-07-25T20:38:39","modified_gmt":"2022-07-25T20:38:39","slug":"existenzgruenderpass","status":"publish","type":"page","link":"https:\/\/intsode.com\/es\/existenzgruenderpass\/","title":{"rendered":"Existenzgr\u00fcnderpass"},"content":{"rendered":"<p>[et_pb_section fb_built=\u00bb1&#8243; _builder_version=\u00bb4.17.6&#8243; _module_preset=\u00bbdefault\u00bb global_colors_info=\u00bb{}\u00bb][et_pb_row _builder_version=\u00bb4.17.6&#8243; _module_preset=\u00bbdefault\u00bb global_colors_info=\u00bb{}\u00bb][et_pb_column type=\u00bb4_4&#8243; _builder_version=\u00bb4.17.6&#8243; _module_preset=\u00bbdefault\u00bb global_colors_info=\u00bb{}\u00bb][et_pb_text _builder_version=\u00bb4.17.6&#8243; _module_preset=\u00bbdefault\u00bb global_colors_info=\u00bb{}\u00bb]<\/p>\n<h1>Existenzgr\u00fcnderpass &#8211; Unterst\u00fctzung durch die GFAW Th\u00fcringen<\/h1>\n<p>[\/et_pb_text][\/et_pb_column][\/et_pb_row][et_pb_row _builder_version=\u00bb4.17.6&#8243; _module_preset=\u00bbdefault\u00bb global_colors_info=\u00bb{}\u00bb][et_pb_column type=\u00bb4_4&#8243; _builder_version=\u00bb4.17.6&#8243; _module_preset=\u00bbdefault\u00bb global_colors_info=\u00bb{}\u00bb][et_pb_image src=\u00bbhttps:\/\/intsode.com\/wp-content\/uploads\/2022\/07\/esf_logo_4c_2020-09-05_1309870.jpg\u00bb title_text=\u00bbesf_logo_4c_2020-09-05_1309870&#8243; align=\u00bbcenter\u00bb _builder_version=\u00bb4.17.6&#8243; _module_preset=\u00bbdefault\u00bb width=\u00bb29%\u00bb global_colors_info=\u00bb{}\u00bb][\/et_pb_image][\/et_pb_column][\/et_pb_row][et_pb_row _builder_version=\u00bb4.17.6&#8243; _module_preset=\u00bbdefault\u00bb global_colors_info=\u00bb{}\u00bb][et_pb_column type=\u00bb4_4&#8243; _builder_version=\u00bb4.17.6&#8243; _module_preset=\u00bbdefault\u00bb global_colors_info=\u00bb{}\u00bb][et_pb_text _builder_version=\u00bb4.17.6&#8243; _module_preset=\u00bbdefault\u00bb global_colors_info=\u00bb{}\u00bb]<\/p>\n<p>Einzelberatungen beim Rechtsanwalt: Erkl\u00e4rung rechtlicher Fallen, Rechtslagen im Bereich der Softwareentwicklung, Aspekte des Datenschutzes und Haftungsrechte bei fehlerhafter Software.<br \/>Ergebnisse: Bessere Einsch\u00e4tzung von rechlichen Risiken in Bereichen der Softwareentwicklung und rechtliche Absicherung im Vorhinein.<\/p>\n<p>Einzelberatungen beim Steuerberater: Besprechung konkreter Beispiele, Rechnungswesen und Gewinnermittlungsarten, Er\u00f6rterung m\u00f6glicher Vertriebswege und geeigneter Unternehmensstrukturierungen, steuerrechtliche Vorteile.<br \/>Ergebnisse: Umfassende Kenntnisse \u00fcber steuerrechtlichen Aspekte in einem gegr\u00fcndeten Unternehmen, Vermeidung von Stoplerfallen.<\/p>\n<p>Einzelberatung Personalf\u00fchrung \/ Selbstmanagement: Anwendung von Methoden der NLP, um den eigenen IST-Stand mit der Vision zu vergleichen und anzupassen, Einf\u00fchrung in Konfliktmanagement und -l\u00f6sungen und Besprechung geeigneter Mitarbeiterf\u00fchrungsstrategien speziell in der Softwareentwicklung.<br \/>Ergebnisse: gezielte F\u00f6rderung von Mitarbeitern, Umgang mit schwierigen Menschen im Arbeitsumfeld und Ausbau des eigenen Charakters in Richtung F\u00fchrungsqualifikationen.<\/p>\n<p>Die Weiterbildungen wurden finanziell durch den Europ\u00e4ischen Sozialfonds unterst\u00fctzt.<\/p>\n<p>&nbsp;<\/p>\n<p>[\/et_pb_text][\/et_pb_column][\/et_pb_row][\/et_pb_section]<\/p>\n","protected":false},"excerpt":{"rendered":"<p>Existenzgr\u00fcnderpass &#8211; Unterst\u00fctzung durch die GFAW Th\u00fcringenEinzelberatungen beim Rechtsanwalt: Erkl\u00e4rung rechtlicher Fallen, Rechtslagen im Bereich der Softwareentwicklung, Aspekte des Datenschutzes und Haftungsrechte bei fehlerhafter Software.Ergebnisse: Bessere Einsch\u00e4tzung von rechlichen Risiken in Bereichen der Softwareentwicklung und rechtliche Absicherung im Vorhinein. Einzelberatungen beim Steuerberater: Besprechung konkreter Beispiele, Rechnungswesen und Gewinnermittlungsarten, Er\u00f6rterung m\u00f6glicher Vertriebswege und geeigneter Unternehmensstrukturierungen, steuerrechtliche [&hellip;]<\/p>\n","protected":false},"author":1,"featured_media":0,"parent":0,"menu_order":0,"comment_status":"closed","ping_status":"closed","template":"","meta":{"_et_pb_use_builder":"on","_et_pb_old_content":"","_et_gb_content_width":"","footnotes":""},"class_list":["post-424","page","type-page","status-publish","hentry"],"translation":{"provider":"WPGlobus","version":"3.0.2","language":"es","enabled_languages":["de","en","es"],"languages":{"de":{"title":true,"content":true,"excerpt":false},"en":{"title":false,"content":false,"excerpt":false},"es":{"title":false,"content":false,"excerpt":false}}},"_links":{"self":[{"href":"https:\/\/intsode.com\/es\/wp-json\/wp\/v2\/pages\/424","targetHints":{"allow":["GET"]}}],"collection":[{"href":"https:\/\/intsode.com\/es\/wp-json\/wp\/v2\/pages"}],"about":[{"href":"https:\/\/intsode.com\/es\/wp-json\/wp\/v2\/types\/page"}],"author":[{"embeddable":true,"href":"https:\/\/intsode.com\/es\/wp-json\/wp\/v2\/users\/1"}],"replies":[{"embeddable":true,"href":"https:\/\/intsode.com\/es\/wp-json\/wp\/v2\/comments?post=424"}],"version-history":[{"count":5,"href":"https:\/\/intsode.com\/es\/wp-json\/wp\/v2\/pages\/424\/revisions"}],"predecessor-version":[{"id":432,"href":"https:\/\/intsode.com\/es\/wp-json\/wp\/v2\/pages\/424\/revisions\/432"}],"wp:attachment":[{"href":"https:\/\/intsode.com\/es\/wp-json\/wp\/v2\/media?parent=424"}],"curies":[{"name":"wp","href":"https:\/\/api.w.org\/{rel}","templated":true}]}}