{"id":24,"date":"2020-02-12T03:12:08","date_gmt":"2020-02-12T03:12:08","guid":{"rendered":"https:\/\/intsode.com\/?page_id=24"},"modified":"2020-02-21T05:44:38","modified_gmt":"2020-02-21T05:44:38","slug":"datenschutzerklaerung","status":"publish","type":"page","link":"https:\/\/intsode.com\/es\/datenschutzerklaerung\/","title":{"rendered":"Pol\u00edtica de privacidad"},"content":{"rendered":"\n<p>G\u00f6ran Hegenberg, como operador de este sitio web, se toma muy en serio la protecci\u00f3n de sus datos personales. Tratamos sus datos personales de forma confidencial y de acuerdo con la Ordenanza de Protecci\u00f3n de Datos (DSGVO) y esta declaraci\u00f3n de protecci\u00f3n de datos. Aclara el tipo, el alcance y la finalidad del tratamiento de los datos personales (en adelante denominados \u00abdatos\u00bb) dentro de la oferta en l\u00ednea y de los sitios web, funciones y contenidos asociados.<\/p>\n\n\n\n<h2 class=\"wp-block-heading\">Rechtsgrundlagen<\/h2>\n\n\n\n<p>Als Rechtsgrundlage f\u00fcr die Verarbeitung personenbezogener Daten kommen insbe-sondere Art. 6 Abs. 1 lit. b) und lit. f) DS-GVO in Betracht.<\/p>\n\n\n\n<h2 class=\"wp-block-heading\">Verantwortlicher<\/h2>\n\n\n\n<p><strong>G\u00f6ran Hegenberg<\/strong><br>Dorfstr. 41, 07639 Tautenhain<br>E-Mail: <a href=\"mailto:info@intsode.com\">info@intsode.com<\/a><\/p>\n\n\n\n<div class=\"wp-block-gt-blocks-button\"><a href=\"https:\/\/intsode.com\/ueber-uns\/\" class=\"gt-button gt-button-small gt-button-circular gt-hover-style-lightened\"><span class=\"gt-button-inner has-background has-primary-background-color\">Zum Impressum<\/span><\/a><\/div>\n\n\n\n<p>Fragen oder Anmerkungen zu dieser Datenschutzerkl\u00e4rung und allgemein zum Datenschutz richten Sie bitte an folgende E-Mail-Adresse: <a href=\"mailto:info@intsode.com\">info@intsode.com<\/a><\/p>\n\n\n\n<div class=\"wp-block-gt-blocks-button\"><a href=\"https:\/\/intsode.com\/kontakt\/\" class=\"gt-button gt-button-small gt-button-circular gt-hover-style-lightened\"><span class=\"gt-button-inner has-background has-primary-background-color\">Direkt kontaktieren<\/span><\/a><\/div>\n\n\n\n<h2 class=\"wp-block-heading\">Arten der verarbeiteten Daten<\/h2>\n\n\n\n<p>Umfang und Art der Erhebung \/ Verwendung Ihrer Daten unterscheidet sich danach, ob Sie unseren Internetauftritt nur zum Abruf von Informationen besuchen oder von uns angebotene Leistungen in Anspruch nehmen. F\u00fcr die nur informatorische Nutzung unseres Internetauftritts ist es grunds\u00e4tzlich nicht erforderlich, dass Sie personenbezogene Daten angeben.<\/p>\n\n\n\n<h2 class=\"wp-block-heading\">Hosting<\/h2>\n\n\n\n<p>Die von uns in Anspruch genommenen Hosting-Leistungen dienen der Zurverf\u00fcgungstellung der folgenden Leistungen: Infrastruktur- und Plattformdienstleistungen, Rechenkapazit\u00e4t, Speicherplatz und Datenbankdienste, Sicherheitsleistungen sowie technische Wartungsleistungen, die wir zum Zwecke des Betriebs dieses Onlineangebotes einsetzen. <\/p>\n\n\n\n<h2 class=\"wp-block-heading\">Server-Log-Files<\/h2>\n\n\n\n<p>G\u00f6ran Hegenberg bzw. der Provider der Seiten erhebt und speichert automatisch Informationen in so genannten Server-Log Files, die Ihr Browser automatisch an uns \u00fcbermittelt auf Grundlage unseres berechtigten Interessen an einer effizienten und sicheren Zurverf\u00fcgungstellung dieses Onlineangebotes gem. Art. 6 Abs. 1 lit. f DSGVO i.V.m. Art. 28 DSGVO.<\/p>\n\n\n\n<p>Dies sind Nutzungsdaten, Meta- und Kommunikationsdaten wie:<\/p>\n\n\n\n<ul class=\"wp-block-list\"><li>Name der abgerufenen Webseite<\/li><li>Datum und Uhrzeit des Abrufs<\/li><li>\u00fcbertragene Datenmenge<\/li><li>Browsertyp\/ Browserversion<\/li><li>verwendetes Betriebssystem<\/li><li>Referrer URL<\/li><li>IP-Adressen<\/li><li>Hostname des zugreifenden Rechners<\/li><\/ul>\n\n\n\n<p>G\u00f6ran Hegenberg verwendet die Protokolldaten nur f\u00fcr statistische Auswertungen zum Zweck des Betriebs, der Sicherheit und der Optimierung des Angebotes. Diese Daten werden getrennt von Ihren weiteren Daten, die Sie eventuell bei uns angeben, gespeichert. Es erfolgt keine Verkn\u00fcpfung der Protokolldaten mit Ihren weiteren Daten. G\u00f6ran Hegenberg beh\u00e4lt sich jedoch vor, die Protokolldaten nachtr\u00e4glich zu \u00fcberpr\u00fcfen, wenn aufgrund konkreter Anhaltspunkte der berechtigte Verdacht einer rechtswidrigen Nutzung besteht.<\/p>\n\n\n\n<h2 class=\"wp-block-heading\">Zweck der Verarbeitung<\/h2>\n\n\n\n<ul class=\"wp-block-list\"><li>Zurverf\u00fcgungstellung des Onlineangebotes, seiner Funktionen und Inhalte<\/li><li>Kommunikation mit Nutzern<\/li><li>Sicherheitsma\u00dfnahmen<\/li><li>\u00d6ffentlichkeitsarbeit\/Marketing<\/li><li>Einsatz von Cookies<\/li><\/ul>\n\n\n\n<p>F\u00fcr unseren Internetauftritt nutzen wir die Technik der Cookies. Cookies sind Textdateien, die im Rahmen Ihres Besuchs unserer Internetseiten von unserem Webserver an Ihren Browser gesandt und von diesem auf Ihrem Rechner f\u00fcr einen sp\u00e4teren Abruf vorgehalten werden. Wir setzen nur sog. Session-Cookies bzw. tempor\u00e4re Cookies ein, also solche, die ausschlie\u00dflich f\u00fcr die Dauer Ihrer Nutzung einer unserer Internetseiten zwischengespeichert werden. Zweck dieser Cookies ist, Ihren Rechner w\u00e4hrend eines Besuchs unseres Internetauftritts beim Wechsel von einer unserer Webseiten zu einer anderen unserer Webseiten weiterhin zu identifizieren und das Ende Ihres Besuchs feststellen zu k\u00f6nnen. Die Cookies werden gel\u00f6scht, sobald Sie Ihre Browsersitzung beenden.<\/p>\n\n\n\n<p>Falls die Nutzer nicht m\u00f6chten, dass Cookies auf ihrem Rechner gespeichert werden, werden sie gebeten die entsprechende Option in den Systemeinstellungen ihres Browsers zu deaktivieren. Gespeicherte Cookies k\u00f6nnen in den Systemeinstellungen des Browsers gel\u00f6scht werden. Der Ausschluss von Cookies kann zu Funktionseinschr\u00e4nkungen dieses Onlineangebotes f\u00fchren. Eine Erhebung oder Speicherung personenbezogener Daten in Cookies findet in diesem Zusammenhang durch uns nicht statt. Wir setzen auch keine Techniken ein, die durch Cookies anfallende Informationen mit Nutzerdaten verbinden.<\/p>\n\n\n\n<h2 class=\"wp-block-heading\">Datensicherheit<\/h2>\n\n\n\n<p>Wir treffen nach Ma\u00dfgabe des Art. 32 DSGVO unter Ber\u00fccksichtigung des Stands der Technik, der Implementierungskosten und der Art, des Umfangs, der Umst\u00e4nde und der Zwecke der Verarbeitung sowie der unterschiedlichen Eintrittswahrscheinlichkeit und Schwere des Risikos f\u00fcr die Rechte und Freiheiten nat\u00fcrlicher Personen, geeignete technische und organisatorische Ma\u00dfnahmen, um ein dem Risiko angemessenes Schutzniveau zu gew\u00e4hrleisten.<\/p>\n\n\n\n<p>Zu den Ma\u00dfnahmen geh\u00f6ren insbesondere die Sicherung der Vertraulichkeit, Integrit\u00e4t und Verf\u00fcgbarkeit von Daten durch Kontrolle des physischen Zugangs zu den Daten, als auch des sie betreffenden Zugriffs, der Eingabe, Weitergabe, der Sicherung der Verf\u00fcgbarkeit und ihrer Trennung. Des Weiteren haben wir Verfahren eingerichtet, die eine Wahrnehmung von Betroffenenrechten, L\u00f6schung von Daten und Reaktion auf Gef\u00e4hrdung der Daten gew\u00e4hrleisen. Ferner ber\u00fccksichtigen wir den Schutz personenbezogener Daten bereits bei der Entwicklung, bzw. Auswahl von Hardware, Software sowie Verfahren, entsprechend dem Prinzip des Datenschutzes durch Technikgestaltung und durch datenschutzfreundliche Voreinstellungen ber\u00fccksichtigt (Art. 25 DSGVO).<\/p>\n\n\n\n<h2 class=\"wp-block-heading\">Rechte der betroffenen Personen<\/h2>\n\n\n\n<p>Sie haben das Recht, eine Best\u00e4tigung dar\u00fcber zu verlangen, ob betreffende Daten verarbeitet werden und auf Auskunft \u00fcber diese Daten sowie auf weitere Informationen und Kopie der Daten entsprechend Art. 15 DSGVO.<\/p>\n\n\n\n<p>Sie haben entsprechend. Art. 16 DSGVO das Recht, die Vervollst\u00e4ndigung der Sie betreffenden Daten oder die Berichtigung der Sie betreffenden unrichtigen Daten zu verlangen.<\/p>\n\n\n\n<p>Sie haben nach Ma\u00dfgabe des Art. 17 DSGVO das Recht zu verlangen, dass betreffende Daten unverz\u00fcglich gel\u00f6scht werden, bzw. alternativ nach Ma\u00dfgabe des Art. 18 DSGVO eine Einschr\u00e4nkung der Verarbeitung der Daten zu verlangen.<\/p>\n\n\n\n<p>Sie haben das Recht zu verlangen, dass die Sie betreffenden Daten, die Sie uns bereitgestellt haben nach Ma\u00dfgabe des Art. 20 DSGVO zu erhalten und deren \u00dcbermittlung an andere Verantwortliche zu fordern. <\/p>\n\n\n\n<p>Sie haben ferner gem. Art. 77 DSGVO das Recht, eine Beschwerde bei der zust\u00e4ndigen Aufsichtsbeh\u00f6rde einzureichen.<\/p>\n\n\n\n<h2 class=\"wp-block-heading\">Widerrufsrecht<\/h2>\n\n\n\n<p>Sie haben das Recht, erteilte Einwilligungen gem. Art. 7 Abs. 3 DSGVO mit Wirkung f\u00fcr die Zukunft zu widerrufen.<\/p>\n\n\n\n<h2 class=\"wp-block-heading\">Widerspruchsrecht<\/h2>\n\n\n\n<p>Sie k\u00f6nnen der k\u00fcnftigen Verarbeitung der Sie betreffenden Daten nach Ma\u00dfgabe des Art. 21 DSGVO jederzeit widersprechen. Der Widerspruch kann insbesondere gegen die Verarbeitung f\u00fcr Zwecke der Direktwerbung erfolgen.<\/p>\n\n\n\n<p>Dazu wenden Sie sich per E-Mail an <a href=\"mailto:info@intsode.com\">info@intsode.com<\/a> oder die im <a href=\"https:\/\/intsode.com\/ueber-uns\/\">Impressum<\/a> angegebene Adresse.<\/p>\n\n\n\n<div class=\"wp-block-gt-blocks-button\"><a href=\"https:\/\/intsode.com\/kontakt\/\" class=\"gt-button gt-button-small gt-button-circular gt-hover-style-lightened\"><span class=\"gt-button-inner has-background has-primary-background-color\">Direkt kontaktieren<\/span><\/a><\/div>\n\n\n\n<h2 class=\"wp-block-heading\">L\u00f6schung von Daten<\/h2>\n\n\n\n<p>Die von uns verarbeiteten Daten werden nach Ma\u00dfgabe der Art. 17 und 18 DSGVO gel\u00f6scht oder in ihrer Verarbeitung eingeschr\u00e4nkt. Sofern nicht im Rahmen dieser Datenschutzerkl\u00e4rung ausdr\u00fccklich angegeben, werden die bei uns gespeicherten Daten gel\u00f6scht, sobald sie f\u00fcr ihre Zweckbestimmung nicht mehr erforderlich sind und der L\u00f6schung keine gesetzlichen Aufbewahrungspflichten entgegenstehen. Sofern die Daten nicht gel\u00f6scht werden, weil sie f\u00fcr andere und gesetzlich zul\u00e4ssige Zwecke erforderlich sind, wird deren Verarbeitung eingeschr\u00e4nkt. D.h. die Daten werden gesperrt und nicht f\u00fcr andere Zwecke verarbeitet. Das gilt z.B. f\u00fcr Daten, die aus handels- oder steuerrechtlichen Gr\u00fcnden aufbewahrt werden m\u00fcssen.<\/p>\n","protected":false},"excerpt":{"rendered":"<p>G\u00f6ran Hegenberg, como operador de este sitio web, se toma muy en serio la protecci\u00f3n de sus datos personales. Tratamos sus datos personales de forma confidencial y de acuerdo con la Ordenanza de Protecci\u00f3n de Datos (DSGVO) y esta declaraci\u00f3n de protecci\u00f3n de datos. Aclara el tipo, el alcance y la finalidad del tratamiento de [&hellip;]<\/p>\n","protected":false},"author":1,"featured_media":0,"parent":0,"menu_order":0,"comment_status":"closed","ping_status":"closed","template":"","meta":{"_et_pb_use_builder":"","_et_pb_old_content":"","_et_gb_content_width":"","footnotes":""},"class_list":["post-24","page","type-page","status-publish","hentry"],"translation":{"provider":"WPGlobus","version":"3.0.2","language":"es","enabled_languages":["de","en","es"],"languages":{"de":{"title":true,"content":true,"excerpt":false},"en":{"title":true,"content":true,"excerpt":false},"es":{"title":true,"content":true,"excerpt":false}}},"_links":{"self":[{"href":"https:\/\/intsode.com\/es\/wp-json\/wp\/v2\/pages\/24","targetHints":{"allow":["GET"]}}],"collection":[{"href":"https:\/\/intsode.com\/es\/wp-json\/wp\/v2\/pages"}],"about":[{"href":"https:\/\/intsode.com\/es\/wp-json\/wp\/v2\/types\/page"}],"author":[{"embeddable":true,"href":"https:\/\/intsode.com\/es\/wp-json\/wp\/v2\/users\/1"}],"replies":[{"embeddable":true,"href":"https:\/\/intsode.com\/es\/wp-json\/wp\/v2\/comments?post=24"}],"version-history":[{"count":14,"href":"https:\/\/intsode.com\/es\/wp-json\/wp\/v2\/pages\/24\/revisions"}],"predecessor-version":[{"id":250,"href":"https:\/\/intsode.com\/es\/wp-json\/wp\/v2\/pages\/24\/revisions\/250"}],"wp:attachment":[{"href":"https:\/\/intsode.com\/es\/wp-json\/wp\/v2\/media?parent=24"}],"curies":[{"name":"wp","href":"https:\/\/api.w.org\/{rel}","templated":true}]}}